{"id":1063,"date":"2021-06-08T13:05:01","date_gmt":"2021-06-08T13:05:01","guid":{"rendered":"https:\/\/kamperen.qodeinteractive.com\/?page_id=1063"},"modified":"2024-12-25T13:54:24","modified_gmt":"2024-12-25T13:54:24","slug":"campsite-activities","status":"publish","type":"page","link":"https:\/\/www.zeltplatz-tiefenbachtal.de\/en\/campsite-activities","title":{"rendered":"Region"},"content":{"rendered":"<div data-elementor-type=\"wp-page\" data-elementor-id=\"1063\" class=\"elementor elementor-1063\">\n\t\t\t\t\t\t<section class=\"elementor-section elementor-top-section elementor-element elementor-element-f78bd05 elementor-section-boxed elementor-section-height-default elementor-section-height-default qodef-elementor-content-no\" data-id=\"f78bd05\" data-element_type=\"section\" data-e-type=\"section\">\n\t\t\t\t\t\t<div class=\"elementor-container elementor-column-gap-default\">\n\t\t\t\t\t<div class=\"elementor-column elementor-col-100 elementor-top-column elementor-element elementor-element-63d5438\" data-id=\"63d5438\" data-element_type=\"column\" data-e-type=\"column\">\n\t\t\t<div class=\"elementor-widget-wrap elementor-element-populated\">\n\t\t\t\t\t\t<div class=\"elementor-element elementor-element-520f2e5 elementor-widget elementor-widget-text-editor\" data-id=\"520f2e5\" data-element_type=\"widget\" data-e-type=\"widget\" data-widget_type=\"text-editor.default\">\n\t\t\t\t<div class=\"elementor-widget-container\">\n\t\t\t\t\t\t\t\t\t<h1>Region<\/h1>\n<p>Mountains and lakes, picturesque half-timbered houses, but also numerous leisure and sports facilities characterize the area around the Dedenborn youth campsite. Particular attractions include the Rursee lake, the largest reservoir in western Germany and the medieval town of Monschau.<\/p>\n<h2>Informative links<\/h2>\n<table style=\"width: 80%;\">\n<tbody>\n<tr>\n<td style=\"width: 40%;\"><a href=\"http:\/\/www.eifel.de\" target=\"_blank\" rel=\"noopener\">www.eifel.de<\/a><\/td>\n<td>The first address when it comes to the Eifel ...<\/td>\n<\/tr>\n<tr>\n<td style=\"width: 40%;\"><a href=\"http:\/\/www.nationalpark-eifel.de\" target=\"_blank\" rel=\"noopener\">www.nationalpark-eifel.de<\/a><\/td>\n<td>Everything about the Eifel National Park<\/td>\n<\/tr>\n<tr>\n<td style=\"width: 40%;\"><a href=\"http:\/\/www.simmerath.de\" target=\"_blank\" rel=\"noopener\">www.simmerath.de<\/a><\/td>\n<td>Information portal of the municipality of Simmerath<\/td>\n<\/tr>\n<tr>\n<td style=\"width: 40%;\"><a href=\"http:\/\/www.monschau.de\" target=\"_blank\" rel=\"noopener\">www.monschau.de<\/a><\/td>\n<td>Information portal of the town of Monschau<\/td>\n<\/tr>\n<\/tbody>\n<\/table>\n<h2>Tour suggestions<\/h2>\n<p>Here are a few suggestions for day trips and short trips in the area ...<\/p>\n<ul>\n<li><a href=\"http:\/\/www.wald-und-holz.nrw.de\/hoehenerlebnispfad\" target=\"_blank\" rel=\"noopener\">H\u00f6henerlebnispfad Raffelsbrand<\/a>Experience nature alongside adventure and fun (52393 H\u00fcrtgenwald, Tel. 02429-9400-41, <a href=\"mailto:hoehenerlebnispfad@wald-und-holz.nrw.de\">hoehenerlebnispfad@wald-und-holz.nrw.de<\/a>)<\/li>\n<li><a href=\"https:\/\/www.hochseilgarten-huertgenwald.com\/\">Raffelsbrand high ropes course:<\/a><\/li>\n<li style=\"margin-top: 4px;\">Half-day trip to the <a href=\"http:\/\/www.wildgehege-hellenthal.de\" target=\"_blank\" rel=\"noopener\">game reserve in Hellenthal<\/a> mit Vorf\u00fchrung des Adlerfreifluges.<\/li>\n<li style=\"margin-top: 4px;\">Half-day trip to Heimbach with a visit to the old pilgrimage church, the RWE Industrial Museum and the castle as well as a visit to the only German Trappist abbey <a href=\"http:\/\/www.mariawald.de\" target=\"_blank\" rel=\"noopener\">Mariawald<\/a>.<\/li>\n<li style=\"margin-top: 4px;\">Day trip to the <a href=\"http:\/\/www.kommern.lvr.de\" target=\"_blank\" rel=\"noopener\">Rheinisches Freilichtmuseum<\/a> to Kommern.<\/li>\n<li style=\"margin-top: 4px;\">Half-day trip to Vossenack and H\u00fcrtgenwald with a visit to the military cemeteries of the Second World War. Return via Lammersdorf, where some parts of the Siegfried Line are visible.<\/li>\n<li style=\"margin-top: 4px;\"><a href=\"http:\/\/www.eifelsteig.de\" target=\"_blank\" rel=\"noopener\">Eifelsteig<\/a>: The eventful hiking route from Aachen to Trier. 313km in 15 stages through some of the most beautiful regions in Germany.<\/li>\n<li style=\"margin-top: 4px;\"><a href=\"https:\/\/www.senfmuehle.de\/start\/index.html\" target=\"_blank\" rel=\"noopener\">Historic mustard mill Monschau<\/a> (Tel: 02472\/2245, <a href=\"mailto:info@senfmuehle.de\" target=\"_blank\" rel=\"noopener\">info@senfmuehle.de<\/a>)<\/li>\n<\/ul>\n<h2>Swimming pools in the area<\/h2>\n<p><b>Freibad Rurberg<\/b><br>Seeufer 3<br>52152 Simmerath\/Rurberg<br><a href=\"http:\/\/www.rursee.de\/rursee\/wasser-mehr\/\" target=\"_blank\" rel=\"noopener\">http:\/\/www.rursee.de\/rursee\/wasser-mehr\/<\/a><br><a href=\"http:\/\/www.rursee-mein-revier.de\/schwimmen\/index.html\" target=\"_blank\" rel=\"noopener\">http:\/\/www.rursee-mein-revier.de\/schwimmen\/index.html<\/a><\/p>\n<p><b>Naturerlebnisbad Einruhr<\/b><br>Rurstra\u00dfe<br>52152 Simmerath-Einruhr<br>Tel. +49 (0) 24 85- 91 29 29<br><a href=\"http:\/\/www.naturerlebnisbad-einruhr.de\" target=\"_blank\" rel=\"noopener\">http:\/\/www.naturerlebnisbad-einruhr.de<\/a><\/p>\n<p><b>Schwimmhalle Simmerath<\/b><br>&#8222;SimmBad&#8220;<br>Walter-Bachmann-Stra\u00dfe 38<br>52152 Simmerath<br>02473 \/ 1295<br><a href=\"http:\/\/www.simmerath.de\/unsere-gemeinde\/einrichtungen\/schwimmhalle\/\" target=\"_blank\" rel=\"noopener\">http:\/\/www.simmerath.de\/unsere-gemeinde\/einrichtungen\/schwimmhalle\/<\/a><\/p>\n<p><b>Das neue Vennbad Monschau<\/b><\/p>\n<ul>\n<li>25 m pool (4 lanes)<\/li>\n<li>Teaching pool<\/li>\n<li>Toddler pool<\/li>\n<li>1m springboard<\/li>\n<li>3m diving platform<\/li>\n<\/ul>\n<p>Tel.: 02472\/8024930<br><a href=\"mailto: vennbad@stadt.monschau.de\">vennbad@stadt.monschau.de<\/a><\/p>\n<p><b>Outdoor pool Heimbach<\/b><br>Auf Wissen Woog<br>52396 Heimbach<br>Telefon 02446 3196<br><a href=\"mailto: info@freibad-heimbach.de\" target=\"_blank\" rel=\"noopener\">info@freibad-heimbach.de<\/a><br><a href=\"http:\/\/www.freibad-heimbach.de\" target=\"_blank\" rel=\"noopener\">http:\/\/www.freibad-heimbach.de<\/a><\/p>\n<p><b>Vossenack outdoor pool<\/b><br>Pfarrer-Dickmann-Stra\u00dfe 15a<br>52393 H\u00fcrtgenwald<br>Tel.: 02429\/3565<br><a href=\"mailto: dguenther@huertgenwald.de\" target=\"_blank\" rel=\"noopener\">dguenther@huertgenwald.de<\/a><br><a href=\"http:\/\/www.huertgenwald.de\/de\/freizeit-sport\/freibad-vossenack\/\" target=\"_blank\" rel=\"noopener\">http:\/\/www.huertgenwald.de\/de\/freizeit-sport\/freibad-vossenack\/<\/a><\/p>\n<h2>Shopping facilities in Simmerath<\/h2>\n<ul>\n<li>NORMA: Robert-Koch-Str. 12-14<\/li>\n<li>LIDL: Robert-Koch-Str. 39<\/li>\n<li>NETTO: Matthias-Zimmermann-Str. 12<\/li>\n<li>ALDI S\u00fcd: Matthias-Zimmermann-Str. 11<\/li>\n<li>DURSTY Getr\u00e4nke: Matthias-Zimmermann-Str. 12<\/li>\n<li>REWE: Witzerather-Str. 10<\/li>\n<li>dm: Humboldstr. 13<\/li>\n<li>Bau- u. Gartenzentrum Thelen: Humboldstr. 6-8<\/li>\n<li>Extra Bau u. Hobby: In den Bremen\/Humboldstr.<\/li>\n<li>Getr\u00e4nke Karusell: In den Bremen 24<\/li>\n<\/ul>\n<h2>Medical care<\/h2>\n<p><b>Eifelklinik St. Brigida<\/b><br>Kammerbruchstra\u00dfe 8<br>52152 Simmerath<br>Tel.: +49 (0)2473-89-0<br>Fax: +49 (0)2473-89-2280<br><a href=\"mailto:info@st-brigida.de\" target=\"_blank\" rel=\"noopener\">info@st-brigida.de<\/a><br><a href=\"http:\/\/www.st-brigida.de\/\" target=\"_blank\" rel=\"noopener\">http:\/\/www.st-brigida.de\/<\/a><\/p>\n<p><b>Betlehemkranknehaus Stolberg (especially for children)<\/b><br>Steinfeldstra\u00dfe 5<br>52222 Stolberg<br>Tel.: +49 (0)2402\/107-0<br>Fax: +49 (0)2402\/107-4180<br><a href=\"mailto:zentrale@bethlehem.de\" target=\"_blank\" rel=\"noopener\">zentrale@bethlehem.de<\/a><br><a href=\"http:\/\/www.bethlehem.de\" target=\"_blank\" rel=\"noopener\">http:\/\/www.bethlehem.de<\/a><\/p>\n<p><b>Dr. med. C. Bernhardt (general practitioner, internist)<\/b><br>Kammerbruchstr. 16<br>52152 SIMMERATH, NORDRHEIN-WESTFALEN<br>Tel.: +49 (0)2473 7195<br>Fax: +49 (0)2473 1057<\/p>\n<p><b>Dr. Alphons Hardij (Dentist)<\/b><br>Kammerbruchstr. 34 <br>52152 Simmerath <br>Tel: +49 (0)24736911&nbsp;<\/p>\t\t\t\t\t\t\t\t<\/div>\n\t\t\t\t<\/div>\n\t\t\t\t\t<\/div>\n\t\t<\/div>\n\t\t\t\t\t<\/div>\n\t\t<\/section>\n\t\t\t\t<\/div>","protected":false},"excerpt":{"rendered":"<p>Rundherum Berge und Seen, malerische Fachwerkh\u00e4user, aber auch zahlreiche Freizeit- und Sportanlagen pr\u00e4gen das Gebiet rund um denJugendzeltplatz Dedenborn. Besondere Anziehungspunkte sind der Rursee, diegr\u00f6\u00dfte Talsperre Westdeutschlands oder das mittelalterliche St\u00e4dtchen Monschau. Informative Links www.eifel.de Die Erste Adresse wenn es um die Eifel geht &#8230; www.nationalpark-eifel.de Alles rund um den Nationalpark Eifel www.simmerath.de Info-Portal der [&hellip;]<\/p>","protected":false},"author":1,"featured_media":0,"parent":0,"menu_order":0,"comment_status":"closed","ping_status":"closed","template":"page-full-width.php","meta":{"footnotes":""},"class_list":["post-1063","page","type-page","status-publish","hentry"],"_links":{"self":[{"href":"https:\/\/www.zeltplatz-tiefenbachtal.de\/en\/wp-json\/wp\/v2\/pages\/1063","targetHints":{"allow":["GET"]}}],"collection":[{"href":"https:\/\/www.zeltplatz-tiefenbachtal.de\/en\/wp-json\/wp\/v2\/pages"}],"about":[{"href":"https:\/\/www.zeltplatz-tiefenbachtal.de\/en\/wp-json\/wp\/v2\/types\/page"}],"author":[{"embeddable":true,"href":"https:\/\/www.zeltplatz-tiefenbachtal.de\/en\/wp-json\/wp\/v2\/users\/1"}],"replies":[{"embeddable":true,"href":"https:\/\/www.zeltplatz-tiefenbachtal.de\/en\/wp-json\/wp\/v2\/comments?post=1063"}],"version-history":[{"count":26,"href":"https:\/\/www.zeltplatz-tiefenbachtal.de\/en\/wp-json\/wp\/v2\/pages\/1063\/revisions"}],"predecessor-version":[{"id":8542,"href":"https:\/\/www.zeltplatz-tiefenbachtal.de\/en\/wp-json\/wp\/v2\/pages\/1063\/revisions\/8542"}],"wp:attachment":[{"href":"https:\/\/www.zeltplatz-tiefenbachtal.de\/en\/wp-json\/wp\/v2\/media?parent=1063"}],"curies":[{"name":"wp","href":"https:\/\/api.w.org\/{rel}","templated":true}]}}