{"id":1186,"date":"2021-06-09T09:00:27","date_gmt":"2021-06-09T09:00:27","guid":{"rendered":"https:\/\/kamperen.qodeinteractive.com\/?page_id=1186"},"modified":"2025-11-26T19:21:26","modified_gmt":"2025-11-26T19:21:26","slug":"prices-and-offers","status":"publish","type":"page","link":"https:\/\/www.zeltplatz-tiefenbachtal.de\/en\/prices-and-offers","title":{"rendered":"Pricing"},"content":{"rendered":"<div data-elementor-type=\"wp-page\" data-elementor-id=\"1186\" class=\"elementor elementor-1186\">\n\t\t\t\t\t\t<section class=\"elementor-section elementor-top-section elementor-element elementor-element-acfb0a4 elementor-section-boxed elementor-section-height-default elementor-section-height-default qodef-elementor-content-no\" data-id=\"acfb0a4\" data-element_type=\"section\" data-e-type=\"section\">\n\t\t\t\t\t\t<div class=\"elementor-container elementor-column-gap-default\">\n\t\t\t\t\t<div class=\"elementor-column elementor-col-100 elementor-top-column elementor-element elementor-element-3382c56\" data-id=\"3382c56\" data-element_type=\"column\" data-e-type=\"column\">\n\t\t\t<div class=\"elementor-widget-wrap elementor-element-populated\">\n\t\t\t\t\t\t<div class=\"elementor-element elementor-element-d407cf8 elementor-widget elementor-widget-text-editor\" data-id=\"d407cf8\" data-element_type=\"widget\" data-e-type=\"widget\" data-widget_type=\"text-editor.default\">\n\t\t\t\t<div class=\"elementor-widget-container\">\n\t\t\t\t\t\t\t\t\t<p>\u00a0<\/p><p>\u00a0<\/p>\t\t\t\t\t\t\t\t<\/div>\n\t\t\t\t<\/div>\n\t\t\t\t\t<\/div>\n\t\t<\/div>\n\t\t\t\t\t<\/div>\n\t\t<\/section>\n\t\t\t\t<section class=\"elementor-section elementor-top-section elementor-element elementor-element-77403da elementor-section-full_width qodef-elementor-content-grid elementor-section-height-default elementor-section-height-default\" data-id=\"77403da\" data-element_type=\"section\" data-e-type=\"section\">\n\t\t\t\t\t\t<div class=\"elementor-container elementor-column-gap-default\">\n\t\t\t\t\t<div class=\"elementor-column elementor-col-100 elementor-top-column elementor-element elementor-element-ad60f2b\" data-id=\"ad60f2b\" data-element_type=\"column\" data-e-type=\"column\">\n\t\t\t<div class=\"elementor-widget-wrap elementor-element-populated\">\n\t\t\t\t\t\t<div class=\"elementor-element elementor-element-bbc5727 elementor-widget elementor-widget-heading\" data-id=\"bbc5727\" data-element_type=\"widget\" data-e-type=\"widget\" data-widget_type=\"heading.default\">\n\t\t\t\t<div class=\"elementor-widget-container\">\n\t\t\t\t\t<h1 class=\"elementor-heading-title elementor-size-default\">Pricing<\/h1>\t\t\t\t<\/div>\n\t\t\t\t<\/div>\n\t\t\t\t<div class=\"elementor-element elementor-element-b813a0d elementor-widget elementor-widget-text-editor\" data-id=\"b813a0d\" data-element_type=\"widget\" data-e-type=\"widget\" data-widget_type=\"text-editor.default\">\n\t\t\t\t<div class=\"elementor-widget-container\">\n\t\t\t\t\t\t\t\t\t<p>These prices are valid for the season from May 1st to September 30th.<br \/><strong>The campsite is closed outside of these times.<\/strong><\/p>\t\t\t\t\t\t\t\t<\/div>\n\t\t\t\t<\/div>\n\t\t\t\t<div class=\"elementor-element elementor-element-491c724 elementor-widget__width-initial elementor-widget elementor-widget-text-editor\" data-id=\"491c724\" data-element_type=\"widget\" data-e-type=\"widget\" data-widget_type=\"text-editor.default\">\n\t\t\t\t<div class=\"elementor-widget-container\">\n\t\t\t\t\t\t\t\t\t<h3 style=\"margin-bottom: 0px; margin-top: 5px; border-bottom-style: solid; border-bottom-color: #ff8400; font-size: 16px; font-weight: bold; letter-spacing: 1px;\"><span style=\"color: #808080;\">Prices for overnight stays<\/span><\/h3>\n<p><b>Rental price per night and participant for youth groups <\/b><strong>from the St\u00e4dteRegion Aachen<\/strong><\/p>\n<table style=\"width: 80%; border-style: hidden;\">\n<tbody>\n<tr style=\"border-style: hidden;\">\n<td style=\"width: 80%;\">for rental periods of up to three nights<\/td>\n<td style=\"border-style: hidden;\">3,40 \u20ac<\/td>\n<\/tr>\n<tr>\n<td style=\"border-style: hidden;\">for rental periods of more than three nights<\/td>\n<td>2,60 \u20ac<\/td>\n<\/tr>\n<tr>\n<td style=\"border-style: hidden;\">&nbsp;<\/td>\n<td style=\"border-style: hidden;\">&nbsp;<\/td>\n<\/tr>\n<\/tbody>\n<\/table>\n<p><span style=\"background-color: #f0ede4; color: var( --e-global-color-text ); font-family: var( --e-global-typography-text-font-family ), Sans-serif;\"><b>Rental price per night and participant for youth groups <\/b><\/span><span style=\"background-color: #f0ede4; color: var( --e-global-color-text ); font-family: var( --e-global-typography-text-font-family ), Sans-serif;\"><b>from outside the St\u00e4dteRegion Aachen<\/b><\/span><\/p>\n<table style=\"background-color: #f0ede4; border-style: hidden; width: 864px; font-size: 15px; color: #7a7a7a;\">\n<tbody>\n<tr style=\"border-style: hidden;\">\n<td style=\"width: 691.188px;\">for rental periods of up to three nights<\/td>\n<td style=\"border-style: hidden;\">4,30 \u20ac<\/td>\n<\/tr>\n<tr>\n<td style=\"border-style: hidden;\">for rental periods of more than three nights<\/td>\n<td>3,20 \u20ac<\/td>\n<\/tr>\n<\/tbody>\n<\/table>\n<p>The overnight prices include:<\/p>\n<ul>\n<li>Use of the campsite<\/li>\n<li>Use of the sanitary building with toilets and showers<\/li>\n<li>Disposal costs for waste (provided waste separation is observed)<\/li>\n<li>Use of the covered barbecue area<\/li>\n<li>Use of the lounge<\/li>\n<li>Use of beer tent sets and sports equipment<\/li>\n<li>Costs for electricity, gas and water<\/li>\n<\/ul>\n<p><b>Additional services<\/b><\/p>\n<table style=\"width: 80%; border-style: hidden;\">\n<tbody>\n<tr style=\"border-style: hidden;\">\n<td style=\"width: 80%;\">Use of kitchen* per night and participant<\/td>\n<td style=\"border-style: hidden;\">0,90 \u20ac<\/td>\n<\/tr>\n<\/tbody>\n<\/table>\n<p><small>*Use of kitchen with gas cookers and lockable fridges incl. gas consumption (pots can be borrowed).<\/small><\/p>\n<p><span style=\"color: var( --e-global-color-text ); font-family: var( --e-global-typography-text-font-family ), Sans-serif; font-weight: var( --e-global-typography-text-font-weight );\">&nbsp;<\/span><b style=\"color: var( --e-global-color-text ); font-family: var( --e-global-typography-text-font-family ), Sans-serif;\">Further Costs<\/b><\/p>\n<table style=\"background-color: #f0ede4; border-style: hidden; width: 864px; font-size: 15px; color: #7a7a7a;\">\n<tbody>\n<tr style=\"border-style: hidden;\">\n<td style=\"width: 691.188px;\">Deposit (due upon conclusion of the rental agreement)<\/td>\n<td style=\"border-style: hidden;\">150,00 \u20ac<\/td>\n<\/tr>\n<tr>\n<td style=\"border-style: hidden;\">Minimum rent per occupancy<\/td>\n<td>200,00 \u20ac<\/td>\n<\/tr>\n<\/tbody>\n<\/table>\n<p><strong style=\"color: var( --e-global-color-text ); font-family: var( --e-global-typography-text-font-family ), Sans-serif;\"><i>Treue Besucher unseres Zeltplatzes erhalten bei einer zweiten Belegunginnerhalb von drei Jahren einen Rabatt in H\u00f6he von 10% auf den \u00dcbernachtungspreis.3<\/i><\/strong><\/p>\t\t\t\t\t\t\t\t<\/div>\n\t\t\t\t<\/div>\n\t\t\t\t\t<\/div>\n\t\t<\/div>\n\t\t\t\t\t<\/div>\n\t\t<\/section>\n\t\t\t\t<section class=\"elementor-section elementor-top-section elementor-element elementor-element-b8199e5 elementor-section-boxed elementor-section-height-default elementor-section-height-default qodef-elementor-content-no\" data-id=\"b8199e5\" data-element_type=\"section\" data-e-type=\"section\">\n\t\t\t\t\t\t<div class=\"elementor-container elementor-column-gap-default\">\n\t\t\t\t\t<div class=\"elementor-column elementor-col-100 elementor-top-column elementor-element elementor-element-e194a0d\" data-id=\"e194a0d\" data-element_type=\"column\" data-e-type=\"column\">\n\t\t\t<div class=\"elementor-widget-wrap\">\n\t\t\t\t\t\t\t<\/div>\n\t\t<\/div>\n\t\t\t\t\t<\/div>\n\t\t<\/section>\n\t\t\t\t<\/div>","protected":false},"excerpt":{"rendered":"<p>\u00a0 \u00a0 Preise Diese Preise sind jeweils g\u00fcltig f\u00fcr die Saison vom 01. Mai bis 30. September.Au\u00dferhalb dieser Zeiten ist der Zeltplatz geschlossen. \u00dcbernachtungspreise Mietpreis pro \u00dcbernachtung und Teilnehmer f\u00fcr Jugendgruppen aus der St\u00e4dteRegion Aachen bei Mietdauer bis zu drei \u00dcbernachtungen 3,40 \u20ac bei Mietdauer von mehr als drei \u00dcbernachtungen 2,60 \u20ac &nbsp; &nbsp; Mietpreis [&hellip;]<\/p>","protected":false},"author":1,"featured_media":0,"parent":0,"menu_order":0,"comment_status":"closed","ping_status":"closed","template":"page-full-width.php","meta":{"footnotes":""},"class_list":["post-1186","page","type-page","status-publish","hentry"],"_links":{"self":[{"href":"https:\/\/www.zeltplatz-tiefenbachtal.de\/en\/wp-json\/wp\/v2\/pages\/1186","targetHints":{"allow":["GET"]}}],"collection":[{"href":"https:\/\/www.zeltplatz-tiefenbachtal.de\/en\/wp-json\/wp\/v2\/pages"}],"about":[{"href":"https:\/\/www.zeltplatz-tiefenbachtal.de\/en\/wp-json\/wp\/v2\/types\/page"}],"author":[{"embeddable":true,"href":"https:\/\/www.zeltplatz-tiefenbachtal.de\/en\/wp-json\/wp\/v2\/users\/1"}],"replies":[{"embeddable":true,"href":"https:\/\/www.zeltplatz-tiefenbachtal.de\/en\/wp-json\/wp\/v2\/comments?post=1186"}],"version-history":[{"count":85,"href":"https:\/\/www.zeltplatz-tiefenbachtal.de\/en\/wp-json\/wp\/v2\/pages\/1186\/revisions"}],"predecessor-version":[{"id":8746,"href":"https:\/\/www.zeltplatz-tiefenbachtal.de\/en\/wp-json\/wp\/v2\/pages\/1186\/revisions\/8746"}],"wp:attachment":[{"href":"https:\/\/www.zeltplatz-tiefenbachtal.de\/en\/wp-json\/wp\/v2\/media?parent=1186"}],"curies":[{"name":"wp","href":"https:\/\/api.w.org\/{rel}","templated":true}]}}