{"id":1302,"date":"2021-06-09T11:16:48","date_gmt":"2021-06-09T11:16:48","guid":{"rendered":"https:\/\/kamperen.qodeinteractive.com\/?page_id=1302"},"modified":"2024-12-25T14:01:16","modified_gmt":"2024-12-25T14:01:16","slug":"contact-us","status":"publish","type":"page","link":"https:\/\/www.zeltplatz-tiefenbachtal.de\/en\/contact-us","title":{"rendered":"Contact"},"content":{"rendered":"<div data-elementor-type=\"wp-page\" data-elementor-id=\"1302\" class=\"elementor elementor-1302\">\n\t\t\t\t\t\t<section class=\"elementor-section elementor-top-section elementor-element elementor-element-7ef8bf8 elementor-section-full_width qodef-elementor-content-grid elementor-section-height-default elementor-section-height-default\" data-id=\"7ef8bf8\" data-element_type=\"section\" data-e-type=\"section\">\n\t\t\t\t\t\t<div class=\"elementor-container elementor-column-gap-default\">\n\t\t\t\t\t<div class=\"elementor-column elementor-col-50 elementor-top-column elementor-element elementor-element-e4c0baa\" data-id=\"e4c0baa\" data-element_type=\"column\" data-e-type=\"column\">\n\t\t\t<div class=\"elementor-widget-wrap elementor-element-populated\">\n\t\t\t\t\t\t<div class=\"elementor-element elementor-element-8bdf3cb elementor-widget elementor-widget-text-editor\" data-id=\"8bdf3cb\" data-element_type=\"widget\" data-e-type=\"widget\" data-widget_type=\"text-editor.default\">\n\t\t\t\t<div class=\"elementor-widget-container\">\n\t\t\t\t\t\t\t\t\t<h4>We will be happy to answer any questions you may have by e-mail.<\/h4>\t\t\t\t\t\t\t\t<\/div>\n\t\t\t\t<\/div>\n\t\t\t\t<div class=\"elementor-element elementor-element-3aa4645 elementor-widget elementor-widget-text-editor\" data-id=\"3aa4645\" data-element_type=\"widget\" data-e-type=\"widget\" data-widget_type=\"text-editor.default\">\n\t\t\t\t<div class=\"elementor-widget-container\">\n\t\t\t\t\t\t\t\t\t<p>Please note that we run the campsite on a voluntary basis in our spare time and it may take a little time to respond to your request. We are therefore unfortunately not available by telephone.\u00a0<\/p>\t\t\t\t\t\t\t\t<\/div>\n\t\t\t\t<\/div>\n\t\t\t\t<div class=\"elementor-element elementor-element-6d13757 elementor-widget elementor-widget-text-editor\" data-id=\"6d13757\" data-element_type=\"widget\" data-e-type=\"widget\" data-widget_type=\"text-editor.default\">\n\t\t\t\t<div class=\"elementor-widget-container\">\n\t\t\t\t\t\t\t\t\t<a style=\" font-size: 18px; color: #000;\" href=\"mailto:reservierung@zeltplatz-tiefenbachtal.de\">E-Mail:  reservierung@zeltplatz-tiefenbachtal.de<\/a>\t\t\t\t\t\t\t\t<\/div>\n\t\t\t\t<\/div>\n\t\t\t\t<div class=\"elementor-element elementor-element-ec3a746 elementor-widget elementor-widget-text-editor\" data-id=\"ec3a746\" data-element_type=\"widget\" data-e-type=\"widget\" data-widget_type=\"text-editor.default\">\n\t\t\t\t<div class=\"elementor-widget-container\">\n\t\t\t\t\t\t\t\t\t<span class=\"qodef-icon-font-awesome fa fa-map-marked qodef-icon qodef-e\" style=\"color: #000000;font-size: 20px\"><\/span> <a class=\"qodef-shortcode qodef-m qodef-button qodef-layout--textual qodef-html--link\" style=\"color: #ffffff;\" href=\"https:\/\/maps.app.goo.gl\/gV8Mc6e9art8NpWbA\" target=\"_blank\" rel=\"noopener\"><span class=\"qodef-m-text\" style=\"color: #000000;\">Show campsite on the map <\/span> <\/a>\t\t\t\t\t\t\t\t<\/div>\n\t\t\t\t<\/div>\n\t\t\t\t\t<\/div>\n\t\t<\/div>\n\t\t\t\t<div class=\"elementor-column elementor-col-50 elementor-top-column elementor-element elementor-element-39b8df4\" data-id=\"39b8df4\" data-element_type=\"column\" data-e-type=\"column\">\n\t\t\t<div class=\"elementor-widget-wrap elementor-element-populated\">\n\t\t\t\t\t\t<div class=\"elementor-element elementor-element-cba72a9 elementor-widget elementor-widget-text-editor\" data-id=\"cba72a9\" data-element_type=\"widget\" data-e-type=\"widget\" data-widget_type=\"text-editor.default\">\n\t\t\t\t<div class=\"elementor-widget-container\">\n\t\t\t\t\t\t\t\t\t<h4>Booking request<\/h4>\t\t\t\t\t\t\t\t<\/div>\n\t\t\t\t<\/div>\n\t\t\t\t<div class=\"elementor-element elementor-element-d92eb55 elementor-widget elementor-widget-text-editor\" data-id=\"d92eb55\" data-element_type=\"widget\" data-e-type=\"widget\" data-widget_type=\"text-editor.default\">\n\t\t\t\t<div class=\"elementor-widget-container\">\n\t\t\t\t\t\t\t\t\t<p>Please use our contact form for booking inquiries:<\/p>\t\t\t\t\t\t\t\t<\/div>\n\t\t\t\t<\/div>\n\t\t\t\t<div class=\"elementor-element elementor-element-73e1158 elementor-widget elementor-widget-wp-widget-kamperen_core_contact_form_7\" data-id=\"73e1158\" data-element_type=\"widget\" data-e-type=\"widget\" data-widget_type=\"wp-widget-kamperen_core_contact_form_7.default\">\n\t\t\t\t<div class=\"elementor-widget-container\">\n\t\t\t\t\t\t\t\t<div class=\"qodef-contact-form-7\">\n\t\t\t\t\n<div class=\"wpcf7 no-js\" id=\"wpcf7-f5128-o1\" lang=\"en-US\" dir=\"ltr\" data-wpcf7-id=\"5128\">\n<div class=\"screen-reader-response\"><p role=\"status\" aria-live=\"polite\" aria-atomic=\"true\"><\/p> <ul><\/ul><\/div>\n<form action=\"\/en\/wp-json\/wp\/v2\/pages\/1302#wpcf7-f5128-o1\" method=\"post\" class=\"wpcf7-form init\" aria-label=\"Contact form\" novalidate=\"novalidate\" data-status=\"init\" data-trp-original-action=\"\/en\/wp-json\/wp\/v2\/pages\/1302#wpcf7-f5128-o1\">\n<fieldset class=\"hidden-fields-container\"><input type=\"hidden\" name=\"_wpcf7\" value=\"5128\" \/><input type=\"hidden\" name=\"_wpcf7_version\" value=\"6.1.5\" \/><input type=\"hidden\" name=\"_wpcf7_locale\" value=\"en_US\" \/><input type=\"hidden\" name=\"_wpcf7_unit_tag\" value=\"wpcf7-f5128-o1\" \/><input type=\"hidden\" name=\"_wpcf7_container_post\" value=\"0\" \/><input type=\"hidden\" name=\"_wpcf7_posted_data_hash\" value=\"\" \/>\n<\/fieldset>\n<div class=\"qodef-contact-form-style qodef-contact-form-style-2\">\n<label for=\"group-size\">Group size:<\/label>\n<span class=\"wpcf7-form-control-wrap\" data-name=\"group-size\"><input class=\"wpcf7-form-control wpcf7-number wpcf7-validates-as-required wpcf7-validates-as-number\" min=\"15\" max=\"150\" aria-required=\"true\" aria-invalid=\"false\" value=\"\" type=\"number\" name=\"group-size\" \/><\/span>\n\n<label for=\"arrival-date\">Arrival:<\/label>\n<span class=\"wpcf7-form-control-wrap\" data-name=\"arrival-date\"><input class=\"wpcf7-form-control wpcf7-date wpcf7-validates-as-required wpcf7-validates-as-date\" aria-required=\"true\" aria-invalid=\"false\" value=\"\" type=\"date\" name=\"arrival-date\" \/><\/span>\n\n<label for=\"departure-date\">Departure:<\/label>\n<span class=\"wpcf7-form-control-wrap\" data-name=\"departure-date\"><input class=\"wpcf7-form-control wpcf7-date wpcf7-validates-as-required wpcf7-validates-as-date\" aria-required=\"true\" aria-invalid=\"false\" value=\"\" type=\"date\" name=\"departure-date\" \/><\/span>\n\n<label for=\"your-name\">Your name:<\/label>\n<span class=\"wpcf7-form-control-wrap\" data-name=\"your-name\"><input size=\"40\" maxlength=\"400\" class=\"wpcf7-form-control wpcf7-text wpcf7-validates-as-required\" aria-required=\"true\" aria-invalid=\"false\" placeholder=\"Name *\" value=\"\" type=\"text\" name=\"your-name\" \/><\/span>\n\n<label for=\"your-mail\">Your mail:<\/label>\n<span class=\"wpcf7-form-control-wrap\" data-name=\"your-email\"><input size=\"40\" maxlength=\"400\" class=\"wpcf7-form-control wpcf7-email wpcf7-validates-as-required wpcf7-text wpcf7-validates-as-email\" aria-required=\"true\" aria-invalid=\"false\" placeholder=\"Email *\" value=\"\" type=\"email\" name=\"your-email\" \/><\/span>\n\n<label for=\"message\">Your message:<\/label>\n<span class=\"wpcf7-form-control-wrap\" data-name=\"message\"><textarea cols=\"10\" rows=\"6\" maxlength=\"2000\" class=\"wpcf7-form-control wpcf7-textarea\" aria-invalid=\"false\" placeholder=\"Your message *\" name=\"message\"><\/textarea><\/span>\n<button class=\"wpcf7-form-control wpcf7-submit qodef-shortcode qodef-m  qodef-button qodef-layout--textual  qodef-html--link\" type=\"submit\"><span class=\"qodef-m-text\">Send request<\/span><span class=\"qodef-m-icon\"><svg xmlns=\"http:\/\/www.w3.org\/2000\/svg\" width=\"20.053\" height=\"10.039\" viewbox=\"0 0 20.053 10.039\"><path d=\"M17.474,11.444a.683.683,0,0,0-.005.962l3.179,3.184H3.549a.68.68,0,0,0,0,1.359H20.643l-3.179,3.184a.688.688,0,0,0,.005.962.677.677,0,0,0,.957-.005l4.308-4.34h0a.763.763,0,0,0,.141-.214.649.649,0,0,0,.052-.261.681.681,0,0,0-.193-.476l-4.308-4.34A.666.666,0,0,0,17.474,11.444Z\" transform=\"translate(-2.875 -11.252)\"><\/path><\/svg><\/span><\/button>\n<\/div><div class=\"wpcf7-response-output\" aria-hidden=\"true\"><\/div>\n<input type=\"hidden\" name=\"trp-form-language\" value=\"en\"\/><\/form>\n<\/div>\n\t\t\t<\/div>\n\t\t\t\t\t\t\t<\/div>\n\t\t\t\t<\/div>\n\t\t\t\t\t<\/div>\n\t\t<\/div>\n\t\t\t\t\t<\/div>\n\t\t<\/section>\n\t\t\t\t<section class=\"elementor-section elementor-top-section elementor-element elementor-element-29779f6 elementor-section-full_width qodef-elementor-content-grid elementor-section-height-default elementor-section-height-default\" data-id=\"29779f6\" data-element_type=\"section\" data-e-type=\"section\">\n\t\t\t\t\t\t<div class=\"elementor-container elementor-column-gap-default\">\n\t\t\t\t\t<div class=\"elementor-column elementor-col-100 elementor-top-column elementor-element elementor-element-104da44\" data-id=\"104da44\" data-element_type=\"column\" data-e-type=\"column\">\n\t\t\t<div class=\"elementor-widget-wrap elementor-element-populated\">\n\t\t\t\t\t\t<div class=\"elementor-element elementor-element-556a773 elementor-widget elementor-widget-kamperen_core_google_map\" data-id=\"556a773\" data-element_type=\"widget\" data-e-type=\"widget\" data-widget_type=\"kamperen_core_google_map.default\">\n\t\t\t\t<div class=\"elementor-widget-container\">\n\t\t\t\t\t<div class=\"qodef-shortcode qodef-m  qodef-google-map\">\n\t<div class=\"qodef-m-map\" id=\"qodef-map-id--824\" data-addresses='[\"Sandycove Cottage, Sandycove, Kinsale, Co. Cork, Ireland\"]' data-pin=\"https:\/\/www.zeltplatz-tiefenbachtal.de\/wp-content\/uploads\/2021\/07\/Pin.png\" data-unique-id=\"824\" data-height=\"615\"><\/div>\n<\/div>\n\t\t\t\t<\/div>\n\t\t\t\t<\/div>\n\t\t\t\t\t<\/div>\n\t\t<\/div>\n\t\t\t\t\t<\/div>\n\t\t<\/section>\n\t\t\t\t<\/div>","protected":false},"excerpt":{"rendered":"<p>Gerne stehen wir Euch per Mail f\u00fcr R\u00fcckfragen zur Verf\u00fcgung. Bitte beachtet, dass wir den Zeltplatz ehrenamtlich in unserer Freizeit betreiben und eine R\u00fcckmeldung auf Eure Anfrage ein wenig Zeit in Anspruch nehmen kann. Telefonisch stehen wir Euch deswegen leider nicht zur Verf\u00fcgung.\u00a0 E-Mail: reservierung@zeltplatz-tiefenbachtal.de Zeltplatz auf der Karte Anzeigen Belegungsanfrage Bitte benutzen Sie f\u00fcr [&hellip;]<\/p>","protected":false},"author":1,"featured_media":0,"parent":0,"menu_order":0,"comment_status":"closed","ping_status":"closed","template":"page-full-width.php","meta":{"footnotes":""},"class_list":["post-1302","page","type-page","status-publish","hentry"],"_links":{"self":[{"href":"https:\/\/www.zeltplatz-tiefenbachtal.de\/en\/wp-json\/wp\/v2\/pages\/1302","targetHints":{"allow":["GET"]}}],"collection":[{"href":"https:\/\/www.zeltplatz-tiefenbachtal.de\/en\/wp-json\/wp\/v2\/pages"}],"about":[{"href":"https:\/\/www.zeltplatz-tiefenbachtal.de\/en\/wp-json\/wp\/v2\/types\/page"}],"author":[{"embeddable":true,"href":"https:\/\/www.zeltplatz-tiefenbachtal.de\/en\/wp-json\/wp\/v2\/users\/1"}],"replies":[{"embeddable":true,"href":"https:\/\/www.zeltplatz-tiefenbachtal.de\/en\/wp-json\/wp\/v2\/comments?post=1302"}],"version-history":[{"count":47,"href":"https:\/\/www.zeltplatz-tiefenbachtal.de\/en\/wp-json\/wp\/v2\/pages\/1302\/revisions"}],"predecessor-version":[{"id":8585,"href":"https:\/\/www.zeltplatz-tiefenbachtal.de\/en\/wp-json\/wp\/v2\/pages\/1302\/revisions\/8585"}],"wp:attachment":[{"href":"https:\/\/www.zeltplatz-tiefenbachtal.de\/en\/wp-json\/wp\/v2\/media?parent=1302"}],"curies":[{"name":"wp","href":"https:\/\/api.w.org\/{rel}","templated":true}]}}