{"id":7917,"date":"2021-06-02T08:36:35","date_gmt":"2021-06-02T08:36:35","guid":{"rendered":"https:\/\/kamperen.qodeinteractive.com\/?page_id=12"},"modified":"2024-12-31T09:59:41","modified_gmt":"2024-12-31T09:59:41","slug":"main-home","status":"publish","type":"page","link":"https:\/\/www.zeltplatz-tiefenbachtal.de\/en\/","title":{"rendered":"Main Home"},"content":{"rendered":"<div data-elementor-type=\"wp-page\" data-elementor-id=\"7917\" class=\"elementor elementor-7917\">\n\t\t\t\t\t\t<section class=\"elementor-section elementor-top-section elementor-element elementor-element-67d148f elementor-section-full_width elementor-section-height-default elementor-section-height-default qodef-elementor-content-no\" data-id=\"67d148f\" data-element_type=\"section\" data-e-type=\"section\">\n\t\t\t\t\t\t<div class=\"elementor-container elementor-column-gap-default\">\n\t\t\t\t\t<div class=\"elementor-column elementor-col-100 elementor-top-column elementor-element elementor-element-2f695d3\" data-id=\"2f695d3\" data-element_type=\"column\" data-e-type=\"column\">\n\t\t\t<div class=\"elementor-widget-wrap elementor-element-populated\">\n\t\t\t\t\t\t<div class=\"elementor-element elementor-element-ade9d96 elementor-widget elementor-widget-slider_revolution\" data-id=\"ade9d96\" data-element_type=\"widget\" data-e-type=\"widget\" data-widget_type=\"slider_revolution.default\">\n\t\t\t\t<div class=\"elementor-widget-container\">\n\t\t\t\t\t\n\t\t<div class=\"wp-block-themepunch-revslider\">\n\t\t\t<!-- START header Slider REVOLUTION SLIDER 6.5.8 --><p class=\"rs-p-wp-fix\"><\/p>\n\t\t\t<rs-module-wrap id=\"rev_slider_13_1_wrapper\" data-source=\"gallery\" style=\"visibility:hidden;background:transparent;padding:0;\">\n\t\t\t\t<rs-module id=\"rev_slider_13_1\" style=\"\" data-version=\"6.5.8\">\n\t\t\t\t\t<rs-slides>\n\t\t\t\t\t\t<rs-slide style=\"position: absolute;\" data-key=\"rs-22\" data-title=\"Slide\" data-in=\"o:0;\" data-out=\"a:false;\">\n\t\t\t\t\t\t\t<img fetchpriority=\"high\" decoding=\"async\" src=\"\/\/www.zeltplatz-tiefenbachtal.de\/wp-content\/plugins\/revslider\/public\/assets\/assets\/dummy.png\" title=\"OLYMPUS DIGITAL CAMERA\" width=\"2560\" height=\"1920\" class=\"rev-slidebg tp-rs-img rs-lazyload\" data-lazyload=\"\/\/zeltplatztiefenbacht.live-website.com\/wp-content\/uploads\/2024\/12\/P5254220-scaled.jpg\" data-bg=\"p:center bottom;\" data-parallax=\"5\" data-no-retina>\n<!--\n\t\t\t\t\t\t\t--><h1\n\t\t\t\t\t\t\t\tid=\"slider-13-slide-22-layer-0\" \n\t\t\t\t\t\t\t\tclass=\"rs-layer\"\n\t\t\t\t\t\t\t\tdata-type=\"text\"\n\t\t\t\t\t\t\t\tdata-color=\"#f0ede4\"\n\t\t\t\t\t\t\t\tdata-tsh=\"c:#8e8e93;h:2px,1px,0px,0px;v:2px,1px,0px,0px;b:7px,5px,3px,1px;\"\n\t\t\t\t\t\t\t\tdata-xy=\"xo:20px,15px,9px,4px;y:m;yo:-30px,-23px,-14px,-6px;\"\n\t\t\t\t\t\t\t\tdata-text=\"w:normal;s:70,55,35,16;l:40,31,19,8;ls:1,0,0,0;fw:500;\"\n\t\t\t\t\t\t\t\tdata-dim=\"minh:0px,none,none,none;\"\n\t\t\t\t\t\t\t\tdata-basealign=\"slide\"\n\t\t\t\t\t\t\t\tdata-rsp_o=\"off\"\n\t\t\t\t\t\t\t\tdata-rsp_bd=\"off\"\n\t\t\t\t\t\t\t\tdata-frame_0=\"y:50,39,24,10;\"\n\t\t\t\t\t\t\t\tdata-frame_1=\"e:sine.inOut;st:270;sp:1000;sR:270;\"\n\t\t\t\t\t\t\t\tdata-frame_999=\"o:0;e:power4.inOut;st:w;sp:1000;sR:2730;\"\n\t\t\t\t\t\t\t\tstyle=\"z-index:9;font-family:'Roboto';font-style:italic;\"\n\t\t\t\t\t\t\t>Youth Camping Tiefenbachtal \n\t\t\t\t\t\t\t<\/h1><!--\n\n\t\t\t\t\t\t\t--><rs-layer\n\t\t\t\t\t\t\t\tid=\"slider-13-slide-22-layer-1\" \n\t\t\t\t\t\t\t\tdata-type=\"text\"\n\t\t\t\t\t\t\t\tdata-color=\"#f0ede4\"\n\t\t\t\t\t\t\t\tdata-xy=\"xo:19px;y:m;yo:30px;\"\n\t\t\t\t\t\t\t\tdata-text=\"w:normal;s:30;\"\n\t\t\t\t\t\t\t\tdata-basealign=\"slide\"\n\t\t\t\t\t\t\t\tdata-rsp_o=\"off\"\n\t\t\t\t\t\t\t\tdata-rsp_bd=\"off\"\n\t\t\t\t\t\t\t\tdata-frame_999=\"o:0;st:w;\"\n\t\t\t\t\t\t\t\tstyle=\"z-index:8;font-family:'Roboto';\"\n\t\t\t\t\t\t\t>Adventure and relaxation in the North Eifel Nature Park \n\t\t\t\t\t\t\t<\/rs-layer><!--\n\n\t\t\t\t\t\t\t--><a\n\t\t\t\t\t\t\t\tid=\"slider-13-slide-22-layer-2\" \n\t\t\t\t\t\t\t\tclass=\"rs-layer\"\n\t\t\t\t\t\t\t\thref=\"https:\/\/www.pfadfinder-lammersdorf.de\/\" target=\"_blank\" rel=\"noopener\"\n\t\t\t\t\t\t\t\tdata-type=\"image\"\n\t\t\t\t\t\t\t\tdata-xy=\"x:r;xo:20px;yo:75px;\"\n\t\t\t\t\t\t\t\tdata-text=\"w:normal;\"\n\t\t\t\t\t\t\t\tdata-dim=\"w:['254px','254px','254px','254px'];h:['159px','159px','159px','159px'];\"\n\t\t\t\t\t\t\t\tdata-vbility=\"t,t,f,f\"\n\t\t\t\t\t\t\t\tdata-basealign=\"slide\"\n\t\t\t\t\t\t\t\tdata-rsp_o=\"off\"\n\t\t\t\t\t\t\t\tdata-rsp_bd=\"off\"\n\t\t\t\t\t\t\t\tdata-frame_999=\"o:0;st:w;\"\n\t\t\t\t\t\t\t\tstyle=\"z-index:10;background-color:#ff3a2d;\"\n\t\t\t\t\t\t\t><img decoding=\"async\" src=\"\/\/www.zeltplatz-tiefenbachtal.de\/wp-content\/plugins\/revslider\/public\/assets\/assets\/dummy.png\" class=\"tp-rs-img rs-lazyload\" width=\"411\" height=\"257\" data-lazyload=\"\/\/zeltplatztiefenbacht.live-website.com\/wp-content\/uploads\/2022\/12\/MAXK_Stammeslogo.jpg\" data-no-retina> \n\t\t\t\t\t\t\t<\/a><!--\n-->\t\t\t\t\t\t<\/rs-slide>\n\t\t\t\t\t<\/rs-slides>\n\t\t\t\t\t<rs-static-layers><!--\n\t\t\t\t\t--><\/rs-static-layers>\n\t\t\t\t<\/rs-module>\n\t\t\t\t<script type=\"text\/javascript\">\n\t\t\t\t\tsetREVStartSize({c: 'rev_slider_13_1',rl:[1240,1024,778,480],el:[1100,768,900,720],gw:[1390,1100,700,320],gh:[1100,768,900,720],type:'standard',justify:'',layout:'fullscreen',offsetContainer:'',offset:'',mh:\"0\"});if (window.RS_MODULES!==undefined && window.RS_MODULES.modules!==undefined && window.RS_MODULES.modules[\"revslider131\"]!==undefined) {window.RS_MODULES.modules[\"revslider131\"].once = false;window.revapi13 = undefined;if (window.RS_MODULES.checkMinimal!==undefined) window.RS_MODULES.checkMinimal()}\n\t\t\t\t<\/script>\n\t\t\t<\/rs-module-wrap>\n\t\t\t<!-- END REVOLUTION SLIDER -->\n<\/div>\n\n\t\t\t\t\t\t<\/div>\n\t\t\t\t<\/div>\n\t\t\t\t\t<\/div>\n\t\t<\/div>\n\t\t\t\t\t<\/div>\n\t\t<\/section>\n\t\t\t\t<section class=\"elementor-section elementor-top-section elementor-element elementor-element-2bfd08a elementor-section-full_width qodef-elementor-content-grid elementor-section-height-default elementor-section-height-default\" data-id=\"2bfd08a\" data-element_type=\"section\" data-e-type=\"section\" data-settings=\"{&quot;background_background&quot;:&quot;classic&quot;}\">\n\t\t\t\t\t\t<div class=\"elementor-container elementor-column-gap-default\">\n\t\t\t\t\t<div class=\"elementor-column elementor-col-100 elementor-top-column elementor-element elementor-element-e66be58\" data-id=\"e66be58\" data-element_type=\"column\" data-e-type=\"column\">\n\t\t\t<div class=\"elementor-widget-wrap\">\n\t\t\t\t\t\t\t<\/div>\n\t\t<\/div>\n\t\t\t\t\t<\/div>\n\t\t<\/section>\n\t\t\t\t<section class=\"elementor-section elementor-top-section elementor-element elementor-element-33df2c1 elementor-section-full_width qodef-elementor-content-grid elementor-section-height-default elementor-section-height-default\" data-id=\"33df2c1\" data-element_type=\"section\" data-e-type=\"section\">\n\t\t\t\t\t\t<div class=\"elementor-container elementor-column-gap-default\">\n\t\t\t\t\t<div class=\"elementor-column elementor-col-33 elementor-top-column elementor-element elementor-element-4908d24\" data-id=\"4908d24\" data-element_type=\"column\" data-e-type=\"column\">\n\t\t\t<div class=\"elementor-widget-wrap elementor-element-populated\">\n\t\t\t\t\t\t<div class=\"elementor-element elementor-element-590c92c elementor-widget__width-auto elementor-widget elementor-widget-kamperen_core_image_with_text\" data-id=\"590c92c\" data-element_type=\"widget\" data-e-type=\"widget\" data-widget_type=\"kamperen_core_image_with_text.default\">\n\t\t\t\t<div class=\"elementor-widget-container\">\n\t\t\t\t\t<div class=\"qodef-shortcode qodef-m  qodef-image-with-text qodef-layout--text-below\">\n\t<div class=\"qodef-m-image\">\n\t\t\t\t\t\t\t\t\t<img decoding=\"async\" width=\"2560\" height=\"1920\" src=\"https:\/\/www.zeltplatz-tiefenbachtal.de\/wp-content\/uploads\/2024\/12\/P5254181-scaled.jpg\" class=\"qodef-e-main-image\" alt=\"\" srcset=\"https:\/\/www.zeltplatz-tiefenbachtal.de\/wp-content\/uploads\/2024\/12\/P5254181-scaled.jpg 2560w, https:\/\/www.zeltplatz-tiefenbachtal.de\/wp-content\/uploads\/2024\/12\/P5254181-300x225.jpg 300w, https:\/\/www.zeltplatz-tiefenbachtal.de\/wp-content\/uploads\/2024\/12\/P5254181-1024x768.jpg 1024w, https:\/\/www.zeltplatz-tiefenbachtal.de\/wp-content\/uploads\/2024\/12\/P5254181-768x576.jpg 768w, https:\/\/www.zeltplatz-tiefenbachtal.de\/wp-content\/uploads\/2024\/12\/P5254181-1536x1152.jpg 1536w, https:\/\/www.zeltplatz-tiefenbachtal.de\/wp-content\/uploads\/2024\/12\/P5254181-2048x1536.jpg 2048w, https:\/\/www.zeltplatz-tiefenbachtal.de\/wp-content\/uploads\/2024\/12\/P5254181-16x12.jpg 16w\" sizes=\"(max-width: 2560px) 100vw, 2560px\" \/>\t\t\t\t\t\t\t\t\t<\/div>\t<div class=\"qodef-m-content\">\n\t\t\t<h4 class=\"qodef-m-title\" style=\"margin-top: 28px\">\n\t\t\t\t\tCampsite close to nature\t\t\t<\/h4>\n\t\t\t<p class=\"qodef-m-text\" style=\"margin-top: 6px\">Unser naturnaher Zeltplatz steht f\u00fcr Gruppen ab 15 Personen bis maximal 150 Personen f\u00fcr Zeltlager wie Sommerlager, Pfingstlager, Klassenfahrten, Kinder- und Jugendgruppen, Eltern-Kind-Wochenenden oder Ferienfreizeiten<\/p>\n\t<\/div>\n<\/div>\n\t\t\t\t<\/div>\n\t\t\t\t<\/div>\n\t\t\t\t\t<\/div>\n\t\t<\/div>\n\t\t\t\t<div class=\"elementor-column elementor-col-33 elementor-top-column elementor-element elementor-element-eb6e102\" data-id=\"eb6e102\" data-element_type=\"column\" data-e-type=\"column\">\n\t\t\t<div class=\"elementor-widget-wrap elementor-element-populated\">\n\t\t\t\t\t\t<div class=\"elementor-element elementor-element-b4a5613 elementor-widget__width-auto elementor-widget elementor-widget-kamperen_core_image_with_text\" data-id=\"b4a5613\" data-element_type=\"widget\" data-e-type=\"widget\" data-widget_type=\"kamperen_core_image_with_text.default\">\n\t\t\t\t<div class=\"elementor-widget-container\">\n\t\t\t\t\t<div class=\"qodef-shortcode qodef-m  qodef-image-with-text qodef-layout--text-below\">\n\t<div class=\"qodef-m-image\">\n\t\t\t\t\t\t\t\t\t<img loading=\"lazy\" decoding=\"async\" width=\"2560\" height=\"1920\" src=\"https:\/\/www.zeltplatz-tiefenbachtal.de\/wp-content\/uploads\/2024\/12\/P5254161-scaled.jpg\" class=\"qodef-e-main-image\" alt=\"\" srcset=\"https:\/\/www.zeltplatz-tiefenbachtal.de\/wp-content\/uploads\/2024\/12\/P5254161-scaled.jpg 2560w, https:\/\/www.zeltplatz-tiefenbachtal.de\/wp-content\/uploads\/2024\/12\/P5254161-300x225.jpg 300w, https:\/\/www.zeltplatz-tiefenbachtal.de\/wp-content\/uploads\/2024\/12\/P5254161-1024x768.jpg 1024w, https:\/\/www.zeltplatz-tiefenbachtal.de\/wp-content\/uploads\/2024\/12\/P5254161-768x576.jpg 768w, https:\/\/www.zeltplatz-tiefenbachtal.de\/wp-content\/uploads\/2024\/12\/P5254161-1536x1152.jpg 1536w, https:\/\/www.zeltplatz-tiefenbachtal.de\/wp-content\/uploads\/2024\/12\/P5254161-2048x1536.jpg 2048w, https:\/\/www.zeltplatz-tiefenbachtal.de\/wp-content\/uploads\/2024\/12\/P5254161-16x12.jpg 16w\" sizes=\"(max-width: 2560px) 100vw, 2560px\" \/>\t\t\t\t\t\t\t\t\t<\/div>\t<div class=\"qodef-m-content\">\n\t\t\t<h4 class=\"qodef-m-title\" style=\"margin-top: 28px\">\n\t\t\t\t\tVersatile Equipment\t\t\t<\/h4>\n\t\t\t<p class=\"qodef-m-text\" style=\"margin-top: 6px\">With modern sanitary facilities, a fully equipped gastronomic kitchen and a covered barbecue and campfire area for up to 100 people, the Tiefenbachtal campsite is the perfect place for group activities and shared experiences.<\/p>\n\t<\/div>\n<\/div>\n\t\t\t\t<\/div>\n\t\t\t\t<\/div>\n\t\t\t\t\t<\/div>\n\t\t<\/div>\n\t\t\t\t<div class=\"elementor-column elementor-col-33 elementor-top-column elementor-element elementor-element-1b782bb\" data-id=\"1b782bb\" data-element_type=\"column\" data-e-type=\"column\">\n\t\t\t<div class=\"elementor-widget-wrap elementor-element-populated\">\n\t\t\t\t\t\t<div class=\"elementor-element elementor-element-0b5e74a elementor-widget__width-auto elementor-widget elementor-widget-kamperen_core_image_with_text\" data-id=\"0b5e74a\" data-element_type=\"widget\" data-e-type=\"widget\" data-widget_type=\"kamperen_core_image_with_text.default\">\n\t\t\t\t<div class=\"elementor-widget-container\">\n\t\t\t\t\t<div class=\"qodef-shortcode qodef-m  qodef-image-with-text qodef-layout--text-below\">\n\t<div class=\"qodef-m-image\">\n\t\t\t\t\t\t\t\t\t<img loading=\"lazy\" decoding=\"async\" width=\"2560\" height=\"1920\" src=\"https:\/\/www.zeltplatz-tiefenbachtal.de\/wp-content\/uploads\/2024\/12\/P5254220-scaled.jpg\" class=\"qodef-e-main-image\" alt=\"\" srcset=\"https:\/\/www.zeltplatz-tiefenbachtal.de\/wp-content\/uploads\/2024\/12\/P5254220-scaled.jpg 2560w, https:\/\/www.zeltplatz-tiefenbachtal.de\/wp-content\/uploads\/2024\/12\/P5254220-300x225.jpg 300w, https:\/\/www.zeltplatz-tiefenbachtal.de\/wp-content\/uploads\/2024\/12\/P5254220-1024x768.jpg 1024w, https:\/\/www.zeltplatz-tiefenbachtal.de\/wp-content\/uploads\/2024\/12\/P5254220-768x576.jpg 768w, https:\/\/www.zeltplatz-tiefenbachtal.de\/wp-content\/uploads\/2024\/12\/P5254220-1536x1152.jpg 1536w, https:\/\/www.zeltplatz-tiefenbachtal.de\/wp-content\/uploads\/2024\/12\/P5254220-2048x1536.jpg 2048w, https:\/\/www.zeltplatz-tiefenbachtal.de\/wp-content\/uploads\/2024\/12\/P5254220-16x12.jpg 16w\" sizes=\"(max-width: 2560px) 100vw, 2560px\" \/>\t\t\t\t\t\t\t\t\t<\/div>\t<div class=\"qodef-m-content\">\n\t\t\t<h4 class=\"qodef-m-title\" style=\"margin-top: 28px\">\n\t\t\t\t\tWide Range of Free-time and Educational Activities\t\t\t<\/h4>\n\t\t\t<p class=\"qodef-m-text\" style=\"margin-top: 6px\">The Tiefenbachtal campsite offers numerous activities for groups, including archery, experiential education programs and live action role play. Perfect for school classes, youth groups and youth organizations.<\/p>\n\t<\/div>\n<\/div>\n\t\t\t\t<\/div>\n\t\t\t\t<\/div>\n\t\t\t\t\t<\/div>\n\t\t<\/div>\n\t\t\t\t\t<\/div>\n\t\t<\/section>\n\t\t\t\t<section class=\"elementor-section elementor-top-section elementor-element elementor-element-0d96cf7 elementor-section-full_width qodef-elementor-content-grid elementor-section-height-default elementor-section-height-default\" data-id=\"0d96cf7\" data-element_type=\"section\" data-e-type=\"section\" data-settings=\"{&quot;background_background&quot;:&quot;classic&quot;}\">\n\t\t\t\t\t\t<div class=\"elementor-container elementor-column-gap-default\">\n\t\t\t\t\t<div class=\"elementor-column elementor-col-50 elementor-top-column elementor-element elementor-element-6e2a319\" data-id=\"6e2a319\" data-element_type=\"column\" data-e-type=\"column\">\n\t\t\t<div class=\"elementor-widget-wrap elementor-element-populated\">\n\t\t\t\t\t\t<div class=\"elementor-element elementor-element-a825f07 elementor-widget elementor-widget-kamperen_core_section_title\" data-id=\"a825f07\" data-element_type=\"widget\" data-e-type=\"widget\" data-widget_type=\"kamperen_core_section_title.default\">\n\t\t\t\t<div class=\"elementor-widget-container\">\n\t\t\t\t\t<style>.elementor-element-a825f07{display:none !important}<\/style>\t\t\t\t<\/div>\n\t\t\t\t<\/div>\n\t\t\t\t<div class=\"elementor-element elementor-element-1b30be6 elementor-widget elementor-widget-kamperen_core_section_title\" data-id=\"1b30be6\" data-element_type=\"widget\" data-e-type=\"widget\" data-widget_type=\"kamperen_core_section_title.default\">\n\t\t\t\t<div class=\"elementor-widget-container\">\n\t\t\t\t\t<div class=\"qodef-shortcode qodef-m  qodef-section-title qodef-alignment--right\">\n\t\t<div class=\"qodef-m-tagline-mark\" >\n\t\tBooking\t<\/div>\n\t\t<h3 class=\"qodef-m-title\" style=\"margin-top: 12px\">\n\t\t\t\t\tBook your next<br \/> camp on our campsite\t\t\t<\/h3>\n\t<\/div>\n\t\t\t\t<\/div>\n\t\t\t\t<\/div>\n\t\t\t\t<div class=\"elementor-element elementor-element-e5f6587 elementor-widget elementor-widget-text-editor\" data-id=\"e5f6587\" data-element_type=\"widget\" data-e-type=\"widget\" data-widget_type=\"text-editor.default\">\n\t\t\t\t<div class=\"elementor-widget-container\">\n\t\t\t\t\t\t\t\t\t<p>\u00a0<\/p><p>\u00a0<\/p>\t\t\t\t\t\t\t\t<\/div>\n\t\t\t\t<\/div>\n\t\t\t\t\t<\/div>\n\t\t<\/div>\n\t\t\t\t<div class=\"elementor-column elementor-col-50 elementor-top-column elementor-element elementor-element-6da1d8d\" data-id=\"6da1d8d\" data-element_type=\"column\" data-e-type=\"column\">\n\t\t\t<div class=\"elementor-widget-wrap elementor-element-populated\">\n\t\t\t\t\t\t<div class=\"elementor-element elementor-element-1a84126 elementor-widget__width-auto elementor-widget elementor-widget-kamperen_core_button\" data-id=\"1a84126\" data-element_type=\"widget\" data-e-type=\"widget\" data-widget_type=\"kamperen_core_button.default\">\n\t\t\t\t<div class=\"elementor-widget-container\">\n\t\t\t\t\t<a class=\"qodef-shortcode qodef-m  qodef-button qodef-layout--filled qodef-size--large qodef-html--link\" href=\"\/en\/contact-us\/\" target=\"_self\"  >\n\t<span class=\"qodef-m-text\">Booking request<\/span>\n<\/a>\n\t\t\t\t<\/div>\n\t\t\t\t<\/div>\n\t\t\t\t\t<\/div>\n\t\t<\/div>\n\t\t\t\t\t<\/div>\n\t\t<\/section>\n\t\t\t\t<section class=\"elementor-section elementor-top-section elementor-element elementor-element-46db07f elementor-section-full_width elementor-section-height-default elementor-section-height-default qodef-elementor-content-no\" data-id=\"46db07f\" data-element_type=\"section\" data-e-type=\"section\" data-settings=\"{&quot;background_background&quot;:&quot;slideshow&quot;,&quot;background_slideshow_gallery&quot;:[{&quot;id&quot;:8624,&quot;url&quot;:&quot;https:\\\/\\\/zeltplatztiefenbacht.live-website.com\\\/wp-content\\\/uploads\\\/2024\\\/12\\\/P5254204-scaled.jpg&quot;}],&quot;background_slideshow_loop&quot;:&quot;yes&quot;,&quot;background_slideshow_slide_duration&quot;:5000,&quot;background_slideshow_slide_transition&quot;:&quot;fade&quot;,&quot;background_slideshow_transition_duration&quot;:500}\">\n\t\t\t\t\t\t<div class=\"elementor-container elementor-column-gap-no\">\n\t\t\t\t\t<div class=\"elementor-column elementor-col-100 elementor-top-column elementor-element elementor-element-9e2eb73\" data-id=\"9e2eb73\" data-element_type=\"column\" data-e-type=\"column\">\n\t\t\t<div class=\"elementor-widget-wrap elementor-element-populated\">\n\t\t\t\t\t\t<div class=\"elementor-element elementor-element-f5138cf elementor-widget elementor-widget-kamperen_core_custom_font\" data-id=\"f5138cf\" data-element_type=\"widget\" data-e-type=\"widget\" data-widget_type=\"kamperen_core_custom_font.default\">\n\t\t\t\t<div class=\"elementor-widget-container\">\n\t\t\t\t\t<p class=\"qodef-shortcode qodef-m  qodef-custom-font qodef-custom-font-269 qodef-layout--simple\" style=\"color: #FFFFFF;font-family: Prompt;font-size: 30px;line-height: 35px;letter-spacing: 0px;font-weight: 400;font-style: italic;text-align: center\">\"A scout leaves only two things at a camp site: nothing and thanks to the owner.\" (Robert Baden-Powell)<\/p>\n\t\t\t\t<\/div>\n\t\t\t\t<\/div>\n\t\t\t\t\t<\/div>\n\t\t<\/div>\n\t\t\t\t\t<\/div>\n\t\t<\/section>\n\t\t\t\t<\/div>","protected":false},"excerpt":{"rendered":"<p>Naturnaher Zeltplatz Unser naturnaher Zeltplatz steht f\u00fcr Gruppen ab 15 Personen bis maximal 150 Personen f\u00fcr Zeltlager wie Sommerlager, Pfingstlager, Klassenfahrten, Kinder- und Jugendgruppen, Eltern-Kind-Wochenenden oder Ferienfreizeiten Vielseitige Ausstattung Mit modernen Sanit\u00e4ranlagen, einer voll ausgestatteten Gastronomie-K\u00fcche und einem \u00fcberdachten Grill- und Lagerfeuerplatz f\u00fcr bis zu 100 Personen ist der Zeltplatz Tiefenbachtal der perfekte Ort f\u00fcr [&hellip;]<\/p>","protected":false},"author":1,"featured_media":0,"parent":0,"menu_order":0,"comment_status":"closed","ping_status":"closed","template":"page-full-width.php","meta":{"footnotes":""},"class_list":["post-7917","page","type-page","status-publish","hentry"],"_links":{"self":[{"href":"https:\/\/www.zeltplatz-tiefenbachtal.de\/en\/wp-json\/wp\/v2\/pages\/7917","targetHints":{"allow":["GET"]}}],"collection":[{"href":"https:\/\/www.zeltplatz-tiefenbachtal.de\/en\/wp-json\/wp\/v2\/pages"}],"about":[{"href":"https:\/\/www.zeltplatz-tiefenbachtal.de\/en\/wp-json\/wp\/v2\/types\/page"}],"author":[{"embeddable":true,"href":"https:\/\/www.zeltplatz-tiefenbachtal.de\/en\/wp-json\/wp\/v2\/users\/1"}],"replies":[{"embeddable":true,"href":"https:\/\/www.zeltplatz-tiefenbachtal.de\/en\/wp-json\/wp\/v2\/comments?post=7917"}],"version-history":[{"count":87,"href":"https:\/\/www.zeltplatz-tiefenbachtal.de\/en\/wp-json\/wp\/v2\/pages\/7917\/revisions"}],"predecessor-version":[{"id":8723,"href":"https:\/\/www.zeltplatz-tiefenbachtal.de\/en\/wp-json\/wp\/v2\/pages\/7917\/revisions\/8723"}],"wp:attachment":[{"href":"https:\/\/www.zeltplatz-tiefenbachtal.de\/en\/wp-json\/wp\/v2\/media?parent=7917"}],"curies":[{"name":"wp","href":"https:\/\/api.w.org\/{rel}","templated":true}]}}