{"id":8057,"date":"2022-12-18T15:10:10","date_gmt":"2022-12-18T15:10:10","guid":{"rendered":"http:\/\/s945018594.online.de\/?page_id=8057"},"modified":"2024-06-01T13:52:17","modified_gmt":"2024-06-01T13:52:17","slug":"datenschutzerklaerung","status":"publish","type":"page","link":"https:\/\/www.zeltplatz-tiefenbachtal.de\/en\/datenschutzerklaerung","title":{"rendered":"Privacy Policy"},"content":{"rendered":"<div data-elementor-type=\"wp-page\" data-elementor-id=\"8057\" class=\"elementor elementor-8057\">\n\t\t\t\t\t\t<section class=\"elementor-section elementor-top-section elementor-element elementor-element-ade8905 elementor-section-boxed elementor-section-height-default elementor-section-height-default qodef-elementor-content-no\" data-id=\"ade8905\" data-element_type=\"section\" data-e-type=\"section\">\n\t\t\t\t\t\t<div class=\"elementor-container elementor-column-gap-default\">\n\t\t\t\t\t<div class=\"elementor-column elementor-col-100 elementor-top-column elementor-element elementor-element-6eb5eeb\" data-id=\"6eb5eeb\" data-element_type=\"column\" data-e-type=\"column\">\n\t\t\t<div class=\"elementor-widget-wrap elementor-element-populated\">\n\t\t\t\t\t\t<div class=\"elementor-element elementor-element-478f244 elementor-widget elementor-widget-text-editor\" data-id=\"478f244\" data-element_type=\"widget\" data-e-type=\"widget\" data-widget_type=\"text-editor.default\">\n\t\t\t\t<div class=\"elementor-widget-container\">\n\t\t\t\t\t\t\t\t\t<h1>Privacy Policy<\/h1>\n<p>The responsible party within the meaning of data protection laws, in particular the EU General Data Protection Regulation (DSGVO), is:<\/p>\n<p>DPSG Stamm Maximilian Kolbe e.V.<br>Lars Breuer<br>Lambertusstra\u00dfe 20<br>52152 Simmerath<\/p>\n<h2>Your data subject rights<\/h2>\n<p>You can exercise the following rights at any time using the contact details provided by our data protection officer:<\/p>\n<ul>\n<li>Information about your data stored by us and its processing (Art. 15 DSGVO),<\/li>\n<li>Correction of inaccurate personal data (Art. 16 GDPR),<\/li>\n<li>Deletion of your data stored by us (Art. 17 DSGVO),<\/li>\n<li>Restriction of data processing if we are not yet allowed to delete your data due to legal obligations (Art. 18 DSGVO),<\/li>\n<li>object to the processing of your data by us (Art. 21 DSGVO) and<\/li>\n<li>Data portability, provided that you have consented to the data processing or have concluded a contract with us (Art. 20 DSGVO).<\/li>\n<\/ul>\n<p>If you have given us consent, you can revoke this at any time with effect for the future.<\/p>\n<p>You may at any time submit a complaint to a supervisory authority, e.g. the competent supervisory authority in the federal state of your residence or the authority responsible for us as the responsible body.<\/p>\n<p>A list of supervisory authorities (for the non-public sector) with address can be found at: <a href=\"https:\/\/www.bfdi.bund.de\/DE\/Service\/Anschriften\/Laender\/Laender-node.html\" target=\"_blank\" rel=\"noopener nofollow\">https:\/\/www.bfdi.bund.de\/DE\/Service\/Anschriften\/Laender\/Laender-node.html<\/a>.<\/p>\n<h2>Contact Form<\/h2>\n<h3>Type and Purpose of Processing:<\/h3>\n<p>The data you enter will be stored for the purpose of individual communication with you. For this purpose, it is necessary to provide a valid e-mail address and your name. This serves the assignment of the request and the subsequent response to the same. The specification of further data is optional.<\/p>\n<h3>Legal Base:<\/h3>\n<p>The processing of the data entered in the contact form is based on a legitimate interest (Art. 6 para. 1 lit. f DSGVO).<\/p>\n<p>By providing the contact form, we would like to enable you to contact us easily. The information you provide will be stored for the purpose of processing the request and for possible follow-up questions.<\/p>\n<p>If you contact us to request a quote, the data entered in the contact form will be processed to carry out pre-contractual measures (Art. 6 para. 1 lit. b DSGVO).<\/p>\n<h3>Recipient:<\/h3>\n<p>Recipients of the data are, if necessary, service providers.<\/p>\n<h3>Storage duration:<\/h3>\n<p>Data will be deleted no later than 6 months after processing the request.<\/p>\n<p>If a contractual relationship arises, we are subject to the statutory retention periods according to the German Commercial Code (HGB) and delete your data after these periods have expired.<\/p>\n<h3>Provision mandatory or required:<\/h3>\n<p>The provision of your personal data is voluntary. However, we can only process your request if you provide us with your name, e-mail address and the reason for the request.<\/p>\n<h2>Use of script libraries (Google Web Fonts)<\/h2>\n<p>In order to display our content correctly and in a graphically appealing manner across browsers, we use \"Google Web Fonts\" from Google LLC (1600 Amphitheatre Parkway, Mountain View, CA 94043, USA; hereinafter \"Google\") on this website to display fonts.<\/p>\n<p>For more information about Google Web Fonts, see <a href=\"https:\/\/developers.google.com\/fonts\/faq\" target=\"_blank\" rel=\"noopener nofollow\">https:\/\/developers.google.com\/fonts\/faq<\/a> und in der Datenschutzerkl\u00e4rung von Google: <a href=\"https:\/\/www.google.com\/policies\/privacy\/\" target=\"_blank\" rel=\"noopener nofollow\">https:\/\/www.google.com\/policies\/privacy\/<\/a>.<\/p>\n<h2>Use of Google Maps<\/h2>\n<p>On this website we use the offer of Google Maps. Google Maps is operated by Google LLC, 1600 Amphitheatre Parkway, Mountain View, CA 94043, USA (hereinafter \"Google\"). This allows us to display interactive maps directly on the website and enables you to use the map function conveniently.<br>You can find more information about data processing by Google in the Google privacy policy: <a href=\"https:\/\/policies.google.com\/privacy\" target=\"_blank\" rel=\"noopener nofollow\">https:\/\/policies.google.com\/privacy<\/a>. There you can also change your personal privacy settings in the Privacy Center.<\/p>\n<p>Detailed instructions on how to manage your own data in connection with Google products can be found here: <a href=\"https:\/\/www.dataliberation.org\/\" target=\"_blank\" rel=\"noopener nofollow\">https:\/\/www.dataliberation.org<\/a><\/p>\n<p>By visiting the website, Google receives information that you have accessed the corresponding subpage of our website. This occurs regardless of whether Google provides a user account through which you are logged in or whether no user account exists. If you are logged in to Google, your data will be directly assigned to your account.<\/p>\n<p>If you do not want the assignment in your profile at Google, you must log out of Google before activating the button. Google stores your data as usage profiles and uses them for purposes of advertising, market research and\/or demand-oriented design of its websites. Such an evaluation is carried out in particular (even for users who are not logged in) to provide needs-based advertising and to inform other users of the social network about your activities on our website. You have the right to object to the creation of these user profiles, whereby you must contact Google to exercise this right.<\/p>\n<h3>Withdrawal of consent:<\/h3>\n<p>No option for a simple opt-out or blocking of data transmission is currently offered by the provider. If you wish to prevent tracking of your activities on our website, please revoke your consent for the corresponding cookie category or all technically unnecessary cookies and data transfers in the cookie consent tool. In this case, however, you may not be able to use our website or may only be able to use it to a limited extent.<\/p>\n<h2>SSL encryption<\/h2>\n<p>To protect the security of your data during transmission, we use state-of-the-art encryption methods (e.g. SSL) via HTTPS.<\/p>\n<hr>\n<h2>Information about your right to object according to Art. 21 DSGVO<\/h2>\n<h3>Right to object on a case-by-case basis<\/h3>\n<p>You have the right to object at any time, on grounds relating to your particular situation, to the processing of personal data concerning you which is carried out on the basis of Art. 6(1)(f) DSGVO (data processing on the basis of a balance of interests); this also applies to profiling based on this provision within the meaning of Art. 4 No. 4 DSGVO.<\/p>\n<p>If you object, we will no longer process your personal data unless we can demonstrate compelling legitimate grounds for the processing which override your interests, rights and freedoms, or the processing serves the purpose of asserting, exercising or defending legal claims.<\/p>\n<h3>Recipient of an opposition<\/h3>\n<p>DPSG Stamm Maximilian Kolbe e.V.<br><span style=\"background-color: rgb(240, 237, 228);\">Lambertusstra\u00dfe 20<\/span><br>52152 Simmerath<\/p>\n<hr>\n<h2>Change to our privacy policy<\/h2>\n<p>We reserve the right to adapt this data protection declaration so that it always complies with the current legal requirements or in order to implement changes to our services in the data protection declaration, e.g. when introducing new services. The new privacy policy will then apply to your next visit.<\/p>\n<h2>Questions for the data protection officer<\/h2>\n<p>If you have any questions about data protection, please write us an e-mail or contact the person responsible for data protection in our organization directly: <a href=\"mailto:datenschutz@pfadfinder-lammersdorf.de\">datenschutz@pfadfinder-lammersdorf.de<\/a>&nbsp;<\/p>\n<p><em>The privacy policy was created with the help of activeMind AG, the experts for <a href=\"https:\/\/www.activemind.de\/datenschutz\/datenschutzbeauftragter\/\" target=\"_blank\" rel=\"noopener\">external data protection officers<\/a> (Version #2020-09-30).<\/em><\/p>\t\t\t\t\t\t\t\t<\/div>\n\t\t\t\t<\/div>\n\t\t\t\t\t<\/div>\n\t\t<\/div>\n\t\t\t\t\t<\/div>\n\t\t<\/section>\n\t\t\t\t<\/div>","protected":false},"excerpt":{"rendered":"<p>Datenschutzerkl\u00e4rung Verantwortlicher im Sinne der Datenschutzgesetze, insbesondere der EU-Datenschutzgrundverordnung (DSGVO), ist: DPSG Stamm Maximilian Kolbe e.V.Lars BreuerLambertusstra\u00dfe 2052152 Simmerath Ihre Betroffenenrechte Unter den angegebenen Kontaktdaten unseres Datenschutzbeauftragten k\u00f6nnen Sie jederzeit folgende Rechte aus\u00fcben: Auskunft \u00fcber Ihre bei uns gespeicherten Daten und deren Verarbeitung (Art. 15 DSGVO), Berichtigung unrichtiger personenbezogener Daten (Art. 16 DSGVO), L\u00f6schung Ihrer [&hellip;]<\/p>","protected":false},"author":1,"featured_media":0,"parent":0,"menu_order":0,"comment_status":"closed","ping_status":"closed","template":"","meta":{"footnotes":""},"class_list":["post-8057","page","type-page","status-publish","hentry"],"_links":{"self":[{"href":"https:\/\/www.zeltplatz-tiefenbachtal.de\/en\/wp-json\/wp\/v2\/pages\/8057","targetHints":{"allow":["GET"]}}],"collection":[{"href":"https:\/\/www.zeltplatz-tiefenbachtal.de\/en\/wp-json\/wp\/v2\/pages"}],"about":[{"href":"https:\/\/www.zeltplatz-tiefenbachtal.de\/en\/wp-json\/wp\/v2\/types\/page"}],"author":[{"embeddable":true,"href":"https:\/\/www.zeltplatz-tiefenbachtal.de\/en\/wp-json\/wp\/v2\/users\/1"}],"replies":[{"embeddable":true,"href":"https:\/\/www.zeltplatz-tiefenbachtal.de\/en\/wp-json\/wp\/v2\/comments?post=8057"}],"version-history":[{"count":12,"href":"https:\/\/www.zeltplatz-tiefenbachtal.de\/en\/wp-json\/wp\/v2\/pages\/8057\/revisions"}],"predecessor-version":[{"id":8560,"href":"https:\/\/www.zeltplatz-tiefenbachtal.de\/en\/wp-json\/wp\/v2\/pages\/8057\/revisions\/8560"}],"wp:attachment":[{"href":"https:\/\/www.zeltplatz-tiefenbachtal.de\/en\/wp-json\/wp\/v2\/media?parent=8057"}],"curies":[{"name":"wp","href":"https:\/\/api.w.org\/{rel}","templated":true}]}}