{"id":8063,"date":"2022-12-18T15:16:09","date_gmt":"2022-12-18T15:16:09","guid":{"rendered":"http:\/\/s945018594.online.de\/?page_id=8063"},"modified":"2024-06-01T13:54:36","modified_gmt":"2024-06-01T13:54:36","slug":"impressum","status":"publish","type":"page","link":"https:\/\/www.zeltplatz-tiefenbachtal.de\/en\/impressum","title":{"rendered":"Impressum"},"content":{"rendered":"<div data-elementor-type=\"wp-page\" data-elementor-id=\"8063\" class=\"elementor elementor-8063\">\n\t\t\t\t\t\t<section class=\"elementor-section elementor-top-section elementor-element elementor-element-a1e17fd elementor-section-boxed elementor-section-height-default elementor-section-height-default qodef-elementor-content-no\" data-id=\"a1e17fd\" data-element_type=\"section\" data-e-type=\"section\">\n\t\t\t\t\t\t<div class=\"elementor-container elementor-column-gap-default\">\n\t\t\t\t\t<div class=\"elementor-column elementor-col-100 elementor-top-column elementor-element elementor-element-44e12ae\" data-id=\"44e12ae\" data-element_type=\"column\" data-e-type=\"column\">\n\t\t\t<div class=\"elementor-widget-wrap elementor-element-populated\">\n\t\t\t\t\t\t<div class=\"elementor-element elementor-element-6bf5b6f elementor-widget elementor-widget-text-editor\" data-id=\"6bf5b6f\" data-element_type=\"widget\" data-e-type=\"widget\" data-widget_type=\"text-editor.default\">\n\t\t\t\t<div class=\"elementor-widget-container\">\n\t\t\t\t\t\t\t\t\t<h2>Anschrift des Betreibers<\/h2>\n<p><span style=\"color: #ab0000;\"><b>Dies ist die private Adresse unseres ehrenamtlichen Vorstandes, nicht des Zeltplatzes. Bitte keine Post dahin schicken!<\/b><\/span><\/p>\n<div><b>DPSG Stamm Maximilian Kolbe e. V. Lammersdorf<\/b><br>Lambertusstra\u00dfe 20<br>52152 Simmerath<br>Telefon: +49 (0)157 34900546<\/div>\n<div><span style=\"color: #ab0000;\"><b>Campsite requests can only be answered via mail to <a style=\"color: #ab0000;\" href=\"mailto:reservierung@zeltplatztiefenbacht.live-website.com\">reservierung@zeltplatztiefenbacht.live-website.com.<\/a> !<\/b><\/span><\/div>\n<p><a href=\"mailto:information@pfadfinder-lammersdorf.de\">information@pfadfinder-lammersdorf.de<\/a><br>http:\/\/www.pfadfinder-lammersdorf.de<\/p>\n<p>Vertretungsberechtigter Vorstand:&nbsp;Lars Breuer<br>Register court: Amtsgericht Monschau<br>Register number:  VR 231<br>Inhaltlich Verantwortlicher gem\u00e4\u00df \u00a7 10 Absatz 3 MDStV:&nbsp;Lars Breuer<\/p>\n<h2>Links<\/h2>\n<p>In its decision of May 12, 1998, the Hamburg Regional Court ruled that the inclusion of links also leads to co-responsibility of the material offered via these links. According to the court, this can only be prevented by expressly distancing oneself from these contents.<\/p>\n<p>Da wir keinen Einfluss auf die Inhalte verlinkter Seiten haben, distanzieren wir uns hiermit ausdr\u00fccklich von allen Inhalten verlinkter Seiten! Dies gilt f\u00fcr alle Verlinkungen auf dieser Homepage!<\/p>\t\t\t\t\t\t\t\t<\/div>\n\t\t\t\t<\/div>\n\t\t\t\t\t<\/div>\n\t\t<\/div>\n\t\t\t\t\t<\/div>\n\t\t<\/section>\n\t\t\t\t<\/div>","protected":false},"excerpt":{"rendered":"<p>Anschrift des Betreibers Dies ist die private Adresse unseres ehrenamtlichen Vorstandes, nicht des Zeltplatzes. Bitte keine Post dahin schicken! DPSG Stamm Maximilian Kolbe e. V. LammersdorfLambertusstra\u00dfe 2052152 SimmerathTelefon: +49 (0)157 34900546 Zeltplatzanfragen k\u00f6nnen auschlie\u00dflich per Mail an reservierung@zeltplatztiefenbacht.live-website.com. bearbeitet werden! information@pfadfinder-lammersdorf.dehttp:\/\/www.pfadfinder-lammersdorf.de Vertretungsberechtigter Vorstand:&nbsp;Lars BreuerRegistergericht: Amtsgericht MonschauRegisternummer: VR 231Inhaltlich Verantwortlicher gem\u00e4\u00df \u00a7 10 Absatz 3 MDStV:&nbsp;Lars [&hellip;]<\/p>","protected":false},"author":1,"featured_media":0,"parent":0,"menu_order":0,"comment_status":"closed","ping_status":"closed","template":"","meta":{"footnotes":""},"class_list":["post-8063","page","type-page","status-publish","hentry"],"_links":{"self":[{"href":"https:\/\/www.zeltplatz-tiefenbachtal.de\/en\/wp-json\/wp\/v2\/pages\/8063","targetHints":{"allow":["GET"]}}],"collection":[{"href":"https:\/\/www.zeltplatz-tiefenbachtal.de\/en\/wp-json\/wp\/v2\/pages"}],"about":[{"href":"https:\/\/www.zeltplatz-tiefenbachtal.de\/en\/wp-json\/wp\/v2\/types\/page"}],"author":[{"embeddable":true,"href":"https:\/\/www.zeltplatz-tiefenbachtal.de\/en\/wp-json\/wp\/v2\/users\/1"}],"replies":[{"embeddable":true,"href":"https:\/\/www.zeltplatz-tiefenbachtal.de\/en\/wp-json\/wp\/v2\/comments?post=8063"}],"version-history":[{"count":36,"href":"https:\/\/www.zeltplatz-tiefenbachtal.de\/en\/wp-json\/wp\/v2\/pages\/8063\/revisions"}],"predecessor-version":[{"id":8563,"href":"https:\/\/www.zeltplatz-tiefenbachtal.de\/en\/wp-json\/wp\/v2\/pages\/8063\/revisions\/8563"}],"wp:attachment":[{"href":"https:\/\/www.zeltplatz-tiefenbachtal.de\/en\/wp-json\/wp\/v2\/media?parent=8063"}],"curies":[{"name":"wp","href":"https:\/\/api.w.org\/{rel}","templated":true}]}}