{"id":8695,"date":"2024-12-25T14:10:05","date_gmt":"2024-12-25T14:10:05","guid":{"rendered":"https:\/\/zeltplatztiefenbacht.live-website.com\/?page_id=8695"},"modified":"2024-12-31T10:16:05","modified_gmt":"2024-12-31T10:16:05","slug":"aktivitaeten-und-paedagogische-angebote","status":"publish","type":"page","link":"https:\/\/www.zeltplatz-tiefenbachtal.de\/en\/aktivitaeten-und-paedagogische-angebote","title":{"rendered":"Activities and educational offers at the Tiefenbachtal youth campsite"},"content":{"rendered":"<div data-elementor-type=\"wp-page\" data-elementor-id=\"8695\" class=\"elementor elementor-8695\">\n\t\t\t\t\t\t<section class=\"elementor-section elementor-top-section elementor-element elementor-element-4c045ed elementor-section-boxed elementor-section-height-default elementor-section-height-default qodef-elementor-content-no\" data-id=\"4c045ed\" data-element_type=\"section\" data-e-type=\"section\">\n\t\t\t\t\t\t<div class=\"elementor-container elementor-column-gap-default\">\n\t\t\t\t\t<div class=\"elementor-column elementor-col-100 elementor-top-column elementor-element elementor-element-887033b\" data-id=\"887033b\" data-element_type=\"column\" data-e-type=\"column\">\n\t\t\t<div class=\"elementor-widget-wrap elementor-element-populated\">\n\t\t\t\t\t\t<div class=\"elementor-element elementor-element-68854c4 elementor-widget elementor-widget-text-editor\" data-id=\"68854c4\" data-element_type=\"widget\" data-e-type=\"widget\" data-widget_type=\"text-editor.default\">\n\t\t\t\t<div class=\"elementor-widget-container\">\n\t\t\t\t\t\t\t\t\t<p>Our youth campsite, idyllically situated in the middle of nature, offers a variety of activities for groups and youth organizations. In cooperation with experienced partners, we offer exciting, nature-related activities that promote outdoor experiences and personal development. Ideal for school classes, youth groups and clubs, we offer, among other things:<\/p>\n<ul>\n<li><a href=\"\/wp-content\/uploads\/2024\/12\/bogenschiessen.pdf\" target=\"_blank\" rel=\"noopener\">Archery*<\/a><\/li>\n<li><a href=\"\/wp-content\/uploads\/2024\/12\/erlebnispaedagogik.pdf\" target=\"_blank\" rel=\"noopener\">Experiential education offers: Fire, water, earth, air*<\/a><\/li>\n<li><a href=\"\/wp-content\/uploads\/2024\/12\/hoch3.pdf\" target=\"_blank\" rel=\"noopener\">hoch3<\/a><\/li>\n<li><a href=\"\/wp-content\/uploads\/2024\/12\/larp.pdf\" target=\"_blank\" rel=\"noopener\">Live Action Role Play<\/a><\/li>\n<li><a href=\"\/wp-content\/uploads\/2024\/12\/paedagogische_waldfuehrung.pdf\" target=\"_blank\" rel=\"noopener\">Educational guided forest tour*<\/a><\/li>\n<li><a href=\"\/wp-content\/uploads\/2024\/12\/rollende_waldschule.pdf\" target=\"_blank\" rel=\"noopener\">Rolling Forest School*<\/a><\/li>\n<\/ul>\n<p>Some of these offers are marked with * and can be funded via the educational allowance of the St\u00e4dteRegion Aachen. You can find more information on educational funding on the St\u00e4dteRegion Aachen website.<\/p>\t\t\t\t\t\t\t\t<\/div>\n\t\t\t\t<\/div>\n\t\t\t\t\t<\/div>\n\t\t<\/div>\n\t\t\t\t\t<\/div>\n\t\t<\/section>\n\t\t\t\t<\/div>","protected":false},"excerpt":{"rendered":"<p>Unser Jugendzeltplatz, idyllisch inmitten der Natur gelegen, bietet eine Vielzahl von Aktivit\u00e4ten f\u00fcr Gruppen und Jugendorganisationen. In Zusammenarbeit mit erfahrenen Partnern bieten wir spannende, naturbezogene Angebote, die das Outdoor-Erlebnis und die pers\u00f6nliche Entwicklung f\u00f6rdern. Ideal f\u00fcr Schulklassen, Jugendgruppen und Vereine, bieten wir unter anderem: Bogenschie\u00dfen* Erlebnisp\u00e4dagogische Angebote: Feuer, Wasser, Erde, Luft* hoch3 Live Action Role [&hellip;]<\/p>","protected":false},"author":1,"featured_media":0,"parent":0,"menu_order":0,"comment_status":"closed","ping_status":"closed","template":"","meta":{"footnotes":""},"class_list":["post-8695","page","type-page","status-publish","hentry"],"_links":{"self":[{"href":"https:\/\/www.zeltplatz-tiefenbachtal.de\/en\/wp-json\/wp\/v2\/pages\/8695","targetHints":{"allow":["GET"]}}],"collection":[{"href":"https:\/\/www.zeltplatz-tiefenbachtal.de\/en\/wp-json\/wp\/v2\/pages"}],"about":[{"href":"https:\/\/www.zeltplatz-tiefenbachtal.de\/en\/wp-json\/wp\/v2\/types\/page"}],"author":[{"embeddable":true,"href":"https:\/\/www.zeltplatz-tiefenbachtal.de\/en\/wp-json\/wp\/v2\/users\/1"}],"replies":[{"embeddable":true,"href":"https:\/\/www.zeltplatz-tiefenbachtal.de\/en\/wp-json\/wp\/v2\/comments?post=8695"}],"version-history":[{"count":8,"href":"https:\/\/www.zeltplatz-tiefenbachtal.de\/en\/wp-json\/wp\/v2\/pages\/8695\/revisions"}],"predecessor-version":[{"id":8711,"href":"https:\/\/www.zeltplatz-tiefenbachtal.de\/en\/wp-json\/wp\/v2\/pages\/8695\/revisions\/8711"}],"wp:attachment":[{"href":"https:\/\/www.zeltplatz-tiefenbachtal.de\/en\/wp-json\/wp\/v2\/media?parent=8695"}],"curies":[{"name":"wp","href":"https:\/\/api.w.org\/{rel}","templated":true}]}}